{"id":27,"date":"2013-01-06T12:00:00","date_gmt":"2013-01-06T11:00:00","guid":{"rendered":"http:\/\/www.aikido-ffab-ra.org\/2013\/01\/06\/comite-du-lyonnais-daikido-de-budo-ffab\/"},"modified":"2025-09-25T15:11:01","modified_gmt":"2025-09-25T13:11:01","slug":"comite-du-lyonnais-daikido-de-budo-ffab","status":"publish","type":"page","link":"https:\/\/www.aikido-ffab-ra.org\/?page_id=27","title":{"rendered":"Comit\u00e9 du Lyonnais d&rsquo;A\u00efkido &#038; de Budo &#8211; FFAB"},"content":{"rendered":"\t\t<div data-elementor-type=\"wp-page\" data-elementor-id=\"27\" class=\"elementor elementor-27\">\n\t\t\t\t\t\t\t\t\t<section class=\"elementor-section elementor-top-section elementor-element elementor-element-70b6fc3 elementor-section-full_width elementor-section-height-min-height elementor-section-stretched elementor-section-height-default elementor-section-items-middle\" data-id=\"70b6fc3\" data-element_type=\"section\" data-settings=\"{&quot;stretch_section&quot;:&quot;section-stretched&quot;,&quot;background_background&quot;:&quot;classic&quot;}\">\n\t\t\t\t\t\t<div class=\"elementor-container elementor-column-gap-default\">\n\t\t\t\t\t<div class=\"elementor-column elementor-col-100 elementor-top-column elementor-element elementor-element-383ceb9\" data-id=\"383ceb9\" data-element_type=\"column\">\n\t\t\t<div class=\"elementor-widget-wrap\">\n\t\t\t\t\t\t\t\t\t<\/div>\n\t\t<\/div>\n\t\t\t\t\t\t\t<\/div>\n\t\t<\/section>\n\t\t\t\t<section class=\"elementor-section elementor-top-section elementor-element elementor-element-5618468 elementor-section-boxed elementor-section-height-default elementor-section-height-default\" data-id=\"5618468\" data-element_type=\"section\">\n\t\t\t\t\t\t<div class=\"elementor-container elementor-column-gap-default\">\n\t\t\t\t\t<div class=\"elementor-column elementor-col-100 elementor-top-column elementor-element elementor-element-8f3445f\" data-id=\"8f3445f\" data-element_type=\"column\">\n\t\t\t<div class=\"elementor-widget-wrap elementor-element-populated\">\n\t\t\t\t\t\t\t\t<div class=\"elementor-element elementor-element-8413537 elementor-widget elementor-widget-image\" data-id=\"8413537\" data-element_type=\"widget\" data-widget_type=\"image.default\">\n\t\t\t\t<div class=\"elementor-widget-container\">\n\t\t\t\t\t\t\t\t\t\t\t\t\t\t\t<img loading=\"lazy\" decoding=\"async\" width=\"320\" height=\"159\" src=\"https:\/\/www.aikido-ffab-ra.org\/wp-content\/uploads\/actualites\/comite-du-lyonnais-daikido-de-budo-ffab\/Logo-Comite-Interdepartemental-Aikido-Budo.png\" class=\"attachment-large size-large\" alt=\"\" \/>\t\t\t\t\t\t\t\t\t\t\t\t\t\t\t<\/div>\n\t\t\t\t<\/div>\n\t\t\t\t\t<\/div>\n\t\t<\/div>\n\t\t\t\t\t\t\t<\/div>\n\t\t<\/section>\n\t\t\t\t<section class=\"elementor-section elementor-top-section elementor-element elementor-element-1519e6dc elementor-section-full_width elementor-section-stretched elementor-section-height-default elementor-section-height-default\" data-id=\"1519e6dc\" data-element_type=\"section\" data-settings=\"{&quot;stretch_section&quot;:&quot;section-stretched&quot;}\">\n\t\t\t\t\t\t<div class=\"elementor-container elementor-column-gap-default\">\n\t\t\t\t\t<div class=\"elementor-column elementor-col-50 elementor-top-column elementor-element elementor-element-62037228\" data-id=\"62037228\" data-element_type=\"column\">\n\t\t\t<div class=\"elementor-widget-wrap elementor-element-populated\">\n\t\t\t\t\t\t\t\t<div class=\"elementor-element elementor-element-e96ac22 elementor-widget elementor-widget-image\" data-id=\"e96ac22\" data-element_type=\"widget\" data-widget_type=\"image.default\">\n\t\t\t\t<div class=\"elementor-widget-container\">\n\t\t\t\t\t\t\t\t\t\t\t\t\t\t\t<img loading=\"lazy\" decoding=\"async\" width=\"800\" height=\"800\" src=\"https:\/\/www.aikido-ffab-ra.org\/wp-content\/uploads\/actualites\/les-reportages-du-cilab\/ecole-des-cadres-preparation-1-2-dan\/EDC-Aikido-Lyonnais-2014-01-Ecole-Des-Cadres-Prepa-1-2-DAN-14.jpg\" class=\"attachment-large size-large\" alt=\"\" srcset=\"https:\/\/www.aikido-ffab-ra.org\/wp-content\/uploads\/actualites\/les-reportages-du-cilab\/ecole-des-cadres-preparation-1-2-dan\/EDC-Aikido-Lyonnais-2014-01-Ecole-Des-Cadres-Prepa-1-2-DAN-14.jpg 800w, https:\/\/www.aikido-ffab-ra.org\/wp-content\/uploads\/actualites\/les-reportages-du-cilab\/ecole-des-cadres-preparation-1-2-dan\/EDC-Aikido-Lyonnais-2014-01-Ecole-Des-Cadres-Prepa-1-2-DAN-14-450x450.jpg 450w, https:\/\/www.aikido-ffab-ra.org\/wp-content\/uploads\/actualites\/les-reportages-du-cilab\/ecole-des-cadres-preparation-1-2-dan\/EDC-Aikido-Lyonnais-2014-01-Ecole-Des-Cadres-Prepa-1-2-DAN-14-300x300.jpg 300w, https:\/\/www.aikido-ffab-ra.org\/wp-content\/uploads\/actualites\/les-reportages-du-cilab\/ecole-des-cadres-preparation-1-2-dan\/EDC-Aikido-Lyonnais-2014-01-Ecole-Des-Cadres-Prepa-1-2-DAN-14-768x768.jpg 768w\" sizes=\"auto, (max-width: 800px) 100vw, 800px\" \/>\t\t\t\t\t\t\t\t\t\t\t\t\t\t\t<\/div>\n\t\t\t\t<\/div>\n\t\t\t\t\t<\/div>\n\t\t<\/div>\n\t\t\t\t<div class=\"elementor-column elementor-col-50 elementor-top-column elementor-element elementor-element-2c42450\" data-id=\"2c42450\" data-element_type=\"column\">\n\t\t\t<div class=\"elementor-widget-wrap elementor-element-populated\">\n\t\t\t\t\t\t\t\t<div class=\"elementor-element elementor-element-7a26d37f elementor-widget elementor-widget-text-editor\" data-id=\"7a26d37f\" data-element_type=\"widget\" data-widget_type=\"text-editor.default\">\n\t\t\t\t<div class=\"elementor-widget-container\">\n\t\t\t\t\t\t\t<h2><strong>Comit\u00e9 Interd\u00e9partemental du Lyonnais d&rsquo;A\u00efkido et de Budo &#8211; CILAB<\/strong><\/h2><p><strong>Pr\u00e9sident du CILAB Richard DUFFOURS <\/strong><\/p><p>L\u2019AIKIDO DANS LA REGION LYONNAISE de la <strong>F\u00e9d\u00e9ration d\u2019Aikido et de Budo<\/strong> \u2013 Le CILAB regroupe trois d\u00e9partements : AIN \u2013 LOIRE \u2013 RHONE avec 1200 Licenci\u00e9s et 40 Clubs.<\/p><p>Une structure adapt\u00e9e \u00e0 l\u2019environnement r\u00e9gional, une \u00e9quipe dynamique, des clubs actifs anim\u00e9s par des enseignants de qualit\u00e9, des activit\u00e9s vari\u00e9es (stages, FORMATION DIVERSES \u00e9changes interclubs fran\u00e7ais etc\u2026), des moyens d\u2019information et de communication m\u00e9diatiques : gestion du pr\u00e9sent site a\u00efkido-ffab-ra, publication r\u00e9seaux sociaux, Instagram et Facebook, \u00e9dition d\u2019une lettre d\u2019information mensuelle.<\/p><p>Le rayonnement d\u2019une \u00e9quipe, la diversit\u00e9 des personnes offrent un enseignement personnalis\u00e9, suivant un courant moderne de la connaissance tout en respectant les traditions Une formation continue des professeurs par des stages sp\u00e9cifiques et par leur implication \u00e0 l\u2019organisation et \u00e0 l\u2019animation de la vie r\u00e9gionale qui favorise : une synergie entre les animateurs d\u00e9butants et confirm\u00e9s, un \u00e9change d\u2019exp\u00e9riences, un langage commun sur l\u2019enseignement de l\u2019A\u00efkido, gage d\u2019une approche p\u00e9dagogiques commune, inclusive et adapt\u00e9e \u00e0 tous les \u00e2ges des pratiquant(e)s\u2026<\/p><p><strong>Coordonn\u00e9es CILAB<\/strong><\/p><ul><li>Adresse CILAB \u2013 21 TER Avenue Gazagne \u2013 69540 Irigny<\/li><li>Email: actucilab@gmail.com<\/li><\/ul>\t\t\t\t\t\t<\/div>\n\t\t\t\t<\/div>\n\t\t\t\t\t<\/div>\n\t\t<\/div>\n\t\t\t\t\t\t\t<\/div>\n\t\t<\/section>\n\t\t\t\t<section class=\"elementor-section elementor-top-section elementor-element elementor-element-bffe1ef elementor-section-full_width elementor-section-stretched elementor-section-height-default elementor-section-height-default\" data-id=\"bffe1ef\" data-element_type=\"section\" data-settings=\"{&quot;stretch_section&quot;:&quot;section-stretched&quot;}\">\n\t\t\t\t\t\t<div class=\"elementor-container elementor-column-gap-default\">\n\t\t\t\t\t<div class=\"elementor-column elementor-col-50 elementor-top-column elementor-element elementor-element-78bd7cc\" data-id=\"78bd7cc\" data-element_type=\"column\">\n\t\t\t<div class=\"elementor-widget-wrap elementor-element-populated\">\n\t\t\t\t\t\t\t\t<div class=\"elementor-element elementor-element-d6aa843 elementor-widget elementor-widget-image\" data-id=\"d6aa843\" data-element_type=\"widget\" data-widget_type=\"image.default\">\n\t\t\t\t<div class=\"elementor-widget-container\">\n\t\t\t\t\t\t\t\t\t\t\t\t\t\t\t<img loading=\"lazy\" decoding=\"async\" width=\"911\" height=\"754\" src=\"https:\/\/www.aikido-ffab-ra.org\/wp-content\/uploads\/actualites\/comite-du-lyonnais-daikido-de-budo-ffab\/organigramme-V3.jpg\" class=\"attachment-full size-full\" alt=\"\" srcset=\"https:\/\/www.aikido-ffab-ra.org\/wp-content\/uploads\/actualites\/comite-du-lyonnais-daikido-de-budo-ffab\/organigramme-V3.jpg 911w, https:\/\/www.aikido-ffab-ra.org\/wp-content\/uploads\/actualites\/comite-du-lyonnais-daikido-de-budo-ffab\/organigramme-V3-450x372.jpg 450w, https:\/\/www.aikido-ffab-ra.org\/wp-content\/uploads\/actualites\/comite-du-lyonnais-daikido-de-budo-ffab\/organigramme-V3-768x636.jpg 768w\" sizes=\"auto, (max-width: 911px) 100vw, 911px\" \/>\t\t\t\t\t\t\t\t\t\t\t\t\t\t\t<\/div>\n\t\t\t\t<\/div>\n\t\t\t\t\t<\/div>\n\t\t<\/div>\n\t\t\t\t<div class=\"elementor-column elementor-col-50 elementor-top-column elementor-element elementor-element-a2017f8\" data-id=\"a2017f8\" data-element_type=\"column\">\n\t\t\t<div class=\"elementor-widget-wrap elementor-element-populated\">\n\t\t\t\t\t\t\t\t<div class=\"elementor-element elementor-element-ebc6a3f elementor-widget elementor-widget-text-editor\" data-id=\"ebc6a3f\" data-element_type=\"widget\" data-widget_type=\"text-editor.default\">\n\t\t\t\t<div class=\"elementor-widget-container\">\n\t\t\t\t\t\t\t<h2>Pr\u00e9sidence Comit\u00e9 du LYONNAIS<\/h2><p>DUFFOURS Richard 6<sup>\u00e8me<\/sup> DAN DEJEPS Charg\u00e9 d\u2019Enseignement National<br \/>site internet : <a href=\"http:\/\/aikido-irigny.fr\/\" target=\"_blank\" rel=\"noopener\">www.http:\/\/aikido-irigny.fr\/<\/a><\/p><h2>Le Bureau<\/h2><ul><li>Pr\u00e9sident : Richard Duffours<\/li><li>Secr\u00e9taire g\u00e9n\u00e9ral : Yves Spenle<\/li><li>Tr\u00e9sori\u00e8re : Annie Duffours<\/li><\/ul><h2>Le Comit\u00e9 Directeur du LYONNAIS<\/h2><p>Animateur de la Commission Technique (ACT) : Nicolas SEGUIN<\/p><p>Les autres membres du CD :<\/p><ul><li>Patricia Bonnefoy<\/li><li>M\u00e9lanie Buatois,<\/li><li>Jean-Marc Fournier<\/li><li>St\u00e9phanie Juncker,<\/li><li>Philippe Montagnier,<\/li><li>Gilles Gonthier,<\/li><li>Nathalie Kopytko,<\/li><li>Ralph Nicolas,<\/li><li>Nicolas Rivi\u00e8re,<\/li><li>Alia Sawane,<\/li><li>Odile Scardino,<\/li><li>Didier Schuller,<\/li><li>Renaud Avenas<\/li><li>Adrian Charlot<\/li><\/ul>\t\t\t\t\t\t<\/div>\n\t\t\t\t<\/div>\n\t\t\t\t\t<\/div>\n\t\t<\/div>\n\t\t\t\t\t\t\t<\/div>\n\t\t<\/section>\n\t\t\t\t<section class=\"elementor-section elementor-top-section elementor-element elementor-element-0f9480f elementor-section-full_width elementor-section-stretched elementor-section-height-default elementor-section-height-default\" data-id=\"0f9480f\" data-element_type=\"section\" data-settings=\"{&quot;stretch_section&quot;:&quot;section-stretched&quot;}\">\n\t\t\t\t\t\t<div class=\"elementor-container elementor-column-gap-default\">\n\t\t\t\t\t<div class=\"elementor-column elementor-col-50 elementor-top-column elementor-element elementor-element-6ad235c\" data-id=\"6ad235c\" data-element_type=\"column\">\n\t\t\t<div class=\"elementor-widget-wrap elementor-element-populated\">\n\t\t\t\t\t\t\t\t<div class=\"elementor-element elementor-element-d4f562b elementor-widget elementor-widget-image\" data-id=\"d4f562b\" data-element_type=\"widget\" data-widget_type=\"image.default\">\n\t\t\t\t<div class=\"elementor-widget-container\">\n\t\t\t\t\t\t\t\t\t\t\t\t\t\t\t\t<a href=\"https:\/\/www.ffabaikido.fr\/fr\/\">\n\t\t\t\t\t\t\t<img loading=\"lazy\" decoding=\"async\" width=\"600\" height=\"600\" src=\"https:\/\/www.aikido-ffab-ra.org\/wp-content\/uploads\/actualites\/comite-du-lyonnais-daikido-de-budo-ffab\/Logo-FFAB-Large.png\" class=\"attachment-full size-full\" alt=\"\" srcset=\"https:\/\/www.aikido-ffab-ra.org\/wp-content\/uploads\/actualites\/comite-du-lyonnais-daikido-de-budo-ffab\/Logo-FFAB-Large.png 600w, https:\/\/www.aikido-ffab-ra.org\/wp-content\/uploads\/actualites\/comite-du-lyonnais-daikido-de-budo-ffab\/Logo-FFAB-Large-450x450.png 450w, https:\/\/www.aikido-ffab-ra.org\/wp-content\/uploads\/actualites\/comite-du-lyonnais-daikido-de-budo-ffab\/Logo-FFAB-Large-300x300.png 300w\" sizes=\"auto, (max-width: 600px) 100vw, 600px\" \/>\t\t\t\t\t\t\t\t<\/a>\n\t\t\t\t\t\t\t\t\t\t\t\t\t\t\t<\/div>\n\t\t\t\t<\/div>\n\t\t\t\t\t<\/div>\n\t\t<\/div>\n\t\t\t\t<div class=\"elementor-column elementor-col-50 elementor-top-column elementor-element elementor-element-157ebce\" data-id=\"157ebce\" data-element_type=\"column\">\n\t\t\t<div class=\"elementor-widget-wrap elementor-element-populated\">\n\t\t\t\t\t\t\t\t<div class=\"elementor-element elementor-element-1693a09 elementor-widget elementor-widget-text-editor\" data-id=\"1693a09\" data-element_type=\"widget\" data-widget_type=\"text-editor.default\">\n\t\t\t\t<div class=\"elementor-widget-container\">\n\t\t\t\t\t\t\t<h3><a href=\"https:\/\/www.ffabaikido.fr\/fr\/\">F\u00e9d\u00e9ration Fran\u00e7aise d\u2019A\u00efkido et de Budo<\/a><\/h3><p><strong>En 1985, <\/strong>F\u00e9d\u00e9ration Fran\u00e7aise Libre d\u2019A\u00efkido (F.F.L.A.B) cr\u00e9\u00e9e par <a href=\"https:\/\/www.ffabaikido.fr\/fr\/les-ma-tres-fondateurs-23.html\">Ma\u00eetre TAMURA Nobuyoshi<\/a> devient la <a href=\"https:\/\/www.ffabaikido.fr\/fr\/\"><strong>F\u00e9d\u00e9ration Fran\u00e7aise d\u2019A\u00efkido et de Budo (F.F.A.B.)<\/strong>.<\/a><\/p><p><strong>La F.F.A.B est une f\u00e9d\u00e9ration<\/strong> de plus de 800 clubs et de\u00a0pr\u00e8s de 23000 licenci\u00e9s. Elle poss\u00e8de une structure originale qui permet aux diff\u00e9rences de s\u2019exprimer, sous la forme de courants d\u2019A\u00efkido (Groupe AIKIKAI, groupe G.H.A.A.N, \u2026) mais elle s\u2019ouvre aussi \u00e0 des courants relevant d\u2019autres Budos (Systema \u2026)<\/p><ul><li><strong>La F.F.A.B. dispose de l\u2019agr\u00e9ment du Minist\u00e8re des Sports<\/strong> par arr\u00eat\u00e9s du 7 octobre 1985 et du 3 d\u00e9cembre 2004.<\/li><\/ul><ul><li>Elle est reconnue par l\u2019A\u00efkika\u00ef So Hombu de Tokyo.<\/li><\/ul><p><a href=\"https:\/\/www.ffabaikido.fr\/fr\/\"><strong>F\u00e9d\u00e9ration Fran\u00e7aise d\u2019A\u00efkido et de Budo \u2013 A\u00efkika\u00ef de France<\/strong><\/a><br \/>Place des All\u00e9es \u2013 83149 \u2013 BRAS<br \/>T\u00e9l.\u00a0: 04 98 05 22 28<\/p><h3><br class=\"autobr\" \/><a href=\"https:\/\/www.ffabaikido.fr\/fr\/contact-136.html\" target=\"_blank\" rel=\"noopener\"><strong>\u00a0\u00a0\u00a0\u00a0\u00a0\u00a0\u00a0\u00a0\u00a0\u00a0\u00a0\u00a0\u00a0\u00a0\u00a0\u00a0\u00a0\u00a0\u00a0\u00a0\u00a0\u00a0\u00a0\u00a0\u00a0\u00a0\u00a0\u00a0\u00a0\u00a0\u00a0\u00a0\u00a0\u00a0\u00a0\u00a0\u00a0\u00a0\u00a0\u00a0\u00a0\u00a0\u00a0\u00a0\u00a0\u00a0\u00a0\u00a0\u00a0 Espace<em><span style=\"text-decoration: underline;\"> contact du site FFAB<\/span><\/em><\/strong><\/a><\/h3>\t\t\t\t\t\t<\/div>\n\t\t\t\t<\/div>\n\t\t\t\t\t<\/div>\n\t\t<\/div>\n\t\t\t\t\t\t\t<\/div>\n\t\t<\/section>\n\t\t\t\t\t\t\t<\/div>\n\t\t","protected":false},"excerpt":{"rendered":"<p>Comit\u00e9 Interd\u00e9partemental du Lyonnais d&rsquo;A\u00efkido et de Budo &#8211; CILAB Pr\u00e9sident du CILAB Richard DUFFOURS L\u2019AIKIDO DANS LA REGION LYONNAISE de la F\u00e9d\u00e9ration d\u2019Aikido et de Budo \u2013 Le CILAB regroupe trois d\u00e9partements : AIN \u2013 LOIRE \u2013 RHONE avec 1200 Licenci\u00e9s et 40 Clubs. Une structure adapt\u00e9e \u00e0 l\u2019environnement r\u00e9gional, une \u00e9quipe dynamique, des [&hellip;]<\/p>\n","protected":false},"author":3,"featured_media":25,"parent":0,"menu_order":1,"comment_status":"closed","ping_status":"closed","template":"","meta":{"footnotes":""},"class_list":["post-27","page","type-page","status-publish","has-post-thumbnail","hentry","entry","has-media"],"yoast_head":"<!-- This site is optimized with the Yoast SEO plugin v19.7.1 - https:\/\/yoast.com\/wordpress\/plugins\/seo\/ -->\n<title>Comit\u00e9 du Lyonnais d&#039;A\u00efkido &amp; de Budo - FFAB - CILAB<\/title>\n<meta name=\"description\" content=\"Comit\u00e9 Interd\u00e9partemental du Lyonnais d&#039;A\u00efkido et de Budo - CILABPr\u00e9sident du CILAB Richard DUFFOURS L\u2019AIKIDO DANS LA REGION LYONNAISE de la F\u00e9d\u00e9ration\" \/>\n<meta name=\"robots\" content=\"index, follow, max-snippet:-1, max-image-preview:large, max-video-preview:-1\" \/>\n<link rel=\"canonical\" href=\"https:\/\/www.aikido-ffab-ra.org\/?page_id=27\" \/>\n<meta property=\"og:locale\" content=\"fr_FR\" \/>\n<meta property=\"og:type\" content=\"article\" \/>\n<meta property=\"og:title\" content=\"Comit\u00e9 du Lyonnais d&#039;A\u00efkido &amp; de Budo - FFAB - CILAB\" \/>\n<meta property=\"og:description\" content=\"Comit\u00e9 Interd\u00e9partemental du Lyonnais d&#039;A\u00efkido et de Budo - CILABPr\u00e9sident du CILAB Richard DUFFOURS L\u2019AIKIDO DANS LA REGION LYONNAISE de la F\u00e9d\u00e9ration\" \/>\n<meta property=\"og:url\" content=\"https:\/\/www.aikido-ffab-ra.org\/?page_id=27\" \/>\n<meta property=\"og:site_name\" content=\"CILAB\" \/>\n<meta property=\"article:publisher\" content=\"https:\/\/www.facebook.com\/aikido.cilab.7\" \/>\n<meta property=\"article:modified_time\" content=\"2025-09-25T13:11:01+00:00\" \/>\n<meta property=\"og:image\" content=\"https:\/\/www.aikido-ffab-ra.org\/wp-content\/uploads\/2013\/01\/arton13.png\" \/>\n\t<meta property=\"og:image:width\" content=\"320\" \/>\n\t<meta property=\"og:image:height\" content=\"159\" \/>\n\t<meta property=\"og:image:type\" content=\"image\/png\" \/>\n<meta name=\"twitter:card\" content=\"summary_large_image\" \/>\n<meta name=\"twitter:label1\" content=\"Dur\u00e9e de lecture estim\u00e9e\" \/>\n\t<meta name=\"twitter:data1\" content=\"3 minutes\" \/>\n<script type=\"application\/ld+json\" class=\"yoast-schema-graph\">{\"@context\":\"https:\/\/schema.org\",\"@graph\":[{\"@type\":\"WebPage\",\"@id\":\"https:\/\/www.aikido-ffab-ra.org\/?page_id=27\",\"url\":\"https:\/\/www.aikido-ffab-ra.org\/?page_id=27\",\"name\":\"Comit\u00e9 du Lyonnais d'A\u00efkido & de Budo - FFAB - CILAB\",\"isPartOf\":{\"@id\":\"https:\/\/www.aikido-ffab-ra.org\/#website\"},\"datePublished\":\"2013-01-06T11:00:00+00:00\",\"dateModified\":\"2025-09-25T13:11:01+00:00\",\"description\":\"Comit\u00e9 Interd\u00e9partemental du Lyonnais d'A\u00efkido et de Budo - CILABPr\u00e9sident du CILAB Richard DUFFOURS L\u2019AIKIDO DANS LA REGION LYONNAISE de la F\u00e9d\u00e9ration\",\"breadcrumb\":{\"@id\":\"https:\/\/www.aikido-ffab-ra.org\/?page_id=27#breadcrumb\"},\"inLanguage\":\"fr-FR\",\"potentialAction\":[{\"@type\":\"ReadAction\",\"target\":[\"https:\/\/www.aikido-ffab-ra.org\/?page_id=27\"]}]},{\"@type\":\"BreadcrumbList\",\"@id\":\"https:\/\/www.aikido-ffab-ra.org\/?page_id=27#breadcrumb\",\"itemListElement\":[{\"@type\":\"ListItem\",\"position\":1,\"name\":\"Accueil\",\"item\":\"https:\/\/www.aikido-ffab-ra.org\/\"},{\"@type\":\"ListItem\",\"position\":2,\"name\":\"Comit\u00e9 du Lyonnais d&rsquo;A\u00efkido &#038; de Budo &#8211; FFAB\"}]},{\"@type\":\"WebSite\",\"@id\":\"https:\/\/www.aikido-ffab-ra.org\/#website\",\"url\":\"https:\/\/www.aikido-ffab-ra.org\/\",\"name\":\"CILAB\",\"description\":\"\",\"publisher\":{\"@id\":\"https:\/\/www.aikido-ffab-ra.org\/#organization\"},\"potentialAction\":[{\"@type\":\"SearchAction\",\"target\":{\"@type\":\"EntryPoint\",\"urlTemplate\":\"https:\/\/www.aikido-ffab-ra.org\/?s={search_term_string}\"},\"query-input\":\"required name=search_term_string\"}],\"inLanguage\":\"fr-FR\"},{\"@type\":\"Organization\",\"@id\":\"https:\/\/www.aikido-ffab-ra.org\/#organization\",\"name\":\"CILAB\",\"url\":\"https:\/\/www.aikido-ffab-ra.org\/\",\"sameAs\":[\"https:\/\/www.instagram.com\/cilab.aikido\/\",\"https:\/\/www.youtube.com\/channel\/UCt35Eapug9SYepppTidRLbA?app=desktop\",\"https:\/\/www.facebook.com\/aikido.cilab.7\"],\"logo\":{\"@type\":\"ImageObject\",\"inLanguage\":\"fr-FR\",\"@id\":\"https:\/\/www.aikido-ffab-ra.org\/#\/schema\/logo\/image\/\",\"url\":\"https:\/\/www.aikido-ffab-ra.org\/wp-content\/uploads\/2021\/03\/Logo-cilab.png\",\"contentUrl\":\"https:\/\/www.aikido-ffab-ra.org\/wp-content\/uploads\/2021\/03\/Logo-cilab.png\",\"width\":99,\"height\":100,\"caption\":\"CILAB\"},\"image\":{\"@id\":\"https:\/\/www.aikido-ffab-ra.org\/#\/schema\/logo\/image\/\"}}]}<\/script>\n<!-- \/ Yoast SEO plugin. -->","yoast_head_json":{"title":"Comit\u00e9 du Lyonnais d'A\u00efkido & de Budo - FFAB - CILAB","description":"Comit\u00e9 Interd\u00e9partemental du Lyonnais d'A\u00efkido et de Budo - CILABPr\u00e9sident du CILAB Richard DUFFOURS L\u2019AIKIDO DANS LA REGION LYONNAISE de la F\u00e9d\u00e9ration","robots":{"index":"index","follow":"follow","max-snippet":"max-snippet:-1","max-image-preview":"max-image-preview:large","max-video-preview":"max-video-preview:-1"},"canonical":"https:\/\/www.aikido-ffab-ra.org\/?page_id=27","og_locale":"fr_FR","og_type":"article","og_title":"Comit\u00e9 du Lyonnais d'A\u00efkido & de Budo - FFAB - CILAB","og_description":"Comit\u00e9 Interd\u00e9partemental du Lyonnais d'A\u00efkido et de Budo - CILABPr\u00e9sident du CILAB Richard DUFFOURS L\u2019AIKIDO DANS LA REGION LYONNAISE de la F\u00e9d\u00e9ration","og_url":"https:\/\/www.aikido-ffab-ra.org\/?page_id=27","og_site_name":"CILAB","article_publisher":"https:\/\/www.facebook.com\/aikido.cilab.7","article_modified_time":"2025-09-25T13:11:01+00:00","og_image":[{"width":320,"height":159,"url":"https:\/\/www.aikido-ffab-ra.org\/wp-content\/uploads\/2013\/01\/arton13.png","type":"image\/png"}],"twitter_card":"summary_large_image","twitter_misc":{"Dur\u00e9e de lecture estim\u00e9e":"3 minutes"},"schema":{"@context":"https:\/\/schema.org","@graph":[{"@type":"WebPage","@id":"https:\/\/www.aikido-ffab-ra.org\/?page_id=27","url":"https:\/\/www.aikido-ffab-ra.org\/?page_id=27","name":"Comit\u00e9 du Lyonnais d'A\u00efkido & de Budo - FFAB - CILAB","isPartOf":{"@id":"https:\/\/www.aikido-ffab-ra.org\/#website"},"datePublished":"2013-01-06T11:00:00+00:00","dateModified":"2025-09-25T13:11:01+00:00","description":"Comit\u00e9 Interd\u00e9partemental du Lyonnais d'A\u00efkido et de Budo - CILABPr\u00e9sident du CILAB Richard DUFFOURS L\u2019AIKIDO DANS LA REGION LYONNAISE de la F\u00e9d\u00e9ration","breadcrumb":{"@id":"https:\/\/www.aikido-ffab-ra.org\/?page_id=27#breadcrumb"},"inLanguage":"fr-FR","potentialAction":[{"@type":"ReadAction","target":["https:\/\/www.aikido-ffab-ra.org\/?page_id=27"]}]},{"@type":"BreadcrumbList","@id":"https:\/\/www.aikido-ffab-ra.org\/?page_id=27#breadcrumb","itemListElement":[{"@type":"ListItem","position":1,"name":"Accueil","item":"https:\/\/www.aikido-ffab-ra.org\/"},{"@type":"ListItem","position":2,"name":"Comit\u00e9 du Lyonnais d&rsquo;A\u00efkido &#038; de Budo &#8211; FFAB"}]},{"@type":"WebSite","@id":"https:\/\/www.aikido-ffab-ra.org\/#website","url":"https:\/\/www.aikido-ffab-ra.org\/","name":"CILAB","description":"","publisher":{"@id":"https:\/\/www.aikido-ffab-ra.org\/#organization"},"potentialAction":[{"@type":"SearchAction","target":{"@type":"EntryPoint","urlTemplate":"https:\/\/www.aikido-ffab-ra.org\/?s={search_term_string}"},"query-input":"required name=search_term_string"}],"inLanguage":"fr-FR"},{"@type":"Organization","@id":"https:\/\/www.aikido-ffab-ra.org\/#organization","name":"CILAB","url":"https:\/\/www.aikido-ffab-ra.org\/","sameAs":["https:\/\/www.instagram.com\/cilab.aikido\/","https:\/\/www.youtube.com\/channel\/UCt35Eapug9SYepppTidRLbA?app=desktop","https:\/\/www.facebook.com\/aikido.cilab.7"],"logo":{"@type":"ImageObject","inLanguage":"fr-FR","@id":"https:\/\/www.aikido-ffab-ra.org\/#\/schema\/logo\/image\/","url":"https:\/\/www.aikido-ffab-ra.org\/wp-content\/uploads\/2021\/03\/Logo-cilab.png","contentUrl":"https:\/\/www.aikido-ffab-ra.org\/wp-content\/uploads\/2021\/03\/Logo-cilab.png","width":99,"height":100,"caption":"CILAB"},"image":{"@id":"https:\/\/www.aikido-ffab-ra.org\/#\/schema\/logo\/image\/"}}]}},"_links":{"self":[{"href":"https:\/\/www.aikido-ffab-ra.org\/index.php?rest_route=\/wp\/v2\/pages\/27","targetHints":{"allow":["GET"]}}],"collection":[{"href":"https:\/\/www.aikido-ffab-ra.org\/index.php?rest_route=\/wp\/v2\/pages"}],"about":[{"href":"https:\/\/www.aikido-ffab-ra.org\/index.php?rest_route=\/wp\/v2\/types\/page"}],"author":[{"embeddable":true,"href":"https:\/\/www.aikido-ffab-ra.org\/index.php?rest_route=\/wp\/v2\/users\/3"}],"replies":[{"embeddable":true,"href":"https:\/\/www.aikido-ffab-ra.org\/index.php?rest_route=%2Fwp%2Fv2%2Fcomments&post=27"}],"version-history":[{"count":112,"href":"https:\/\/www.aikido-ffab-ra.org\/index.php?rest_route=\/wp\/v2\/pages\/27\/revisions"}],"predecessor-version":[{"id":5357,"href":"https:\/\/www.aikido-ffab-ra.org\/index.php?rest_route=\/wp\/v2\/pages\/27\/revisions\/5357"}],"wp:featuredmedia":[{"embeddable":true,"href":"https:\/\/www.aikido-ffab-ra.org\/index.php?rest_route=\/wp\/v2\/media\/25"}],"wp:attachment":[{"href":"https:\/\/www.aikido-ffab-ra.org\/index.php?rest_route=%2Fwp%2Fv2%2Fmedia&parent=27"}],"curies":[{"name":"wp","href":"https:\/\/api.w.org\/{rel}","templated":true}]}}