{"id":432,"date":"2021-03-23T19:04:17","date_gmt":"2021-03-23T18:04:17","guid":{"rendered":"http:\/\/www.aikido-ffab-ra.org\/?page_id=432"},"modified":"2026-02-04T16:44:05","modified_gmt":"2026-02-04T15:44:05","slug":"grades-de-l-aikido","status":"publish","type":"page","link":"https:\/\/www.aikido-ffab-ra.org\/?page_id=432","title":{"rendered":"Grades de l&rsquo;A\u00efkido"},"content":{"rendered":"\t\t<div data-elementor-type=\"wp-page\" data-elementor-id=\"432\" class=\"elementor elementor-432\">\n\t\t\t\t\t\t\t\t\t<section class=\"elementor-section elementor-top-section elementor-element elementor-element-bc1822e elementor-section-full_width elementor-section-height-min-height elementor-section-stretched elementor-section-height-default elementor-section-items-middle\" data-id=\"bc1822e\" data-element_type=\"section\" data-settings=\"{&quot;stretch_section&quot;:&quot;section-stretched&quot;,&quot;background_background&quot;:&quot;classic&quot;}\">\n\t\t\t\t\t\t<div class=\"elementor-container elementor-column-gap-default\">\n\t\t\t\t\t<div class=\"elementor-column elementor-col-100 elementor-top-column elementor-element elementor-element-949649c\" data-id=\"949649c\" data-element_type=\"column\">\n\t\t\t<div class=\"elementor-widget-wrap\">\n\t\t\t\t\t\t\t\t\t<\/div>\n\t\t<\/div>\n\t\t\t\t\t\t\t<\/div>\n\t\t<\/section>\n\t\t\t\t<section class=\"elementor-section elementor-top-section elementor-element elementor-element-790bfd46 elementor-section-full_width elementor-section-stretched elementor-section-height-default elementor-section-height-default\" data-id=\"790bfd46\" data-element_type=\"section\" data-settings=\"{&quot;stretch_section&quot;:&quot;section-stretched&quot;}\">\n\t\t\t\t\t\t<div class=\"elementor-container elementor-column-gap-default\">\n\t\t\t\t\t<div class=\"elementor-column elementor-col-50 elementor-top-column elementor-element elementor-element-4f0b8bc\" data-id=\"4f0b8bc\" data-element_type=\"column\">\n\t\t\t<div class=\"elementor-widget-wrap elementor-element-populated\">\n\t\t\t\t\t\t\t\t<div class=\"elementor-element elementor-element-4006423 elementor-widget elementor-widget-image\" data-id=\"4006423\" data-element_type=\"widget\" data-widget_type=\"image.default\">\n\t\t\t\t<div class=\"elementor-widget-container\">\n\t\t\t\t\t\t\t\t\t\t\t\t\t\t\t<img loading=\"lazy\" decoding=\"async\" width=\"630\" height=\"630\" src=\"https:\/\/www.aikido-ffab-ra.org\/wp-content\/uploads\/grades-de-l-aikido\/Passage-de-grade.jpg\" class=\"attachment-large size-large\" alt=\"Passage-de-grade\" srcset=\"https:\/\/www.aikido-ffab-ra.org\/wp-content\/uploads\/grades-de-l-aikido\/Passage-de-grade.jpg 630w, https:\/\/www.aikido-ffab-ra.org\/wp-content\/uploads\/grades-de-l-aikido\/Passage-de-grade-450x450.jpg 450w, https:\/\/www.aikido-ffab-ra.org\/wp-content\/uploads\/grades-de-l-aikido\/Passage-de-grade-300x300.jpg 300w\" sizes=\"auto, (max-width: 630px) 100vw, 630px\" \/>\t\t\t\t\t\t\t\t\t\t\t\t\t\t\t<\/div>\n\t\t\t\t<\/div>\n\t\t\t\t\t<\/div>\n\t\t<\/div>\n\t\t\t\t<div class=\"elementor-column elementor-col-50 elementor-top-column elementor-element elementor-element-3a741e55\" data-id=\"3a741e55\" data-element_type=\"column\">\n\t\t\t<div class=\"elementor-widget-wrap elementor-element-populated\">\n\t\t\t\t\t\t\t\t<div class=\"elementor-element elementor-element-7670f6c1 elementor-widget elementor-widget-text-editor\" data-id=\"7670f6c1\" data-element_type=\"widget\" data-widget_type=\"text-editor.default\">\n\t\t\t\t<div class=\"elementor-widget-container\">\n\t\t\t\t\t\t\t<div class=\"col-2\">\n<div id=\"socialtags\">\n<div class=\"col-2\">\n<div class=\"img-box1\">\n<p><strong>LE GRADE<\/strong> marque un niveau de progression physique, th\u00e9orique, technique et \u00e9thique dans la tradition martiale. A ce titre, il peut \u00eatre source d\u2019efforts et d\u2019\u00e9mulation. Mais attention&nbsp;: la ceinture fait parfois r\u00eaver et tomber dans les entraves plus d\u2019un esprit qui se croyait fort, c\u2019est pourquoi elle reste blanche jusqu\u2019\u00e0 la noire. Le hakama et son obi (ceinture large) constituent essentiellement une \u00e9tape vers la connaissance de soi et des autres. Les grades ne sont pas obligatoires et chacun \u00e9volue \u00e0 son rythme.<\/p>\n<h3><strong>GRADES d\u2019A\u00efkido f\u00e9d\u00e9raux<\/strong><\/h3>\n<p>Il existe deux types de grades en A\u00efkido&nbsp;:<\/p>\n<ul class=\"spip\">\n<li><strong>Les KYU <\/strong> (ceinture blanche)&nbsp;: ces grades ne sont pas apparent (keigogi blanc et ceinture blanche), jusqu\u2019\u00e0 l\u2019hakama. Le professeur du club est responsable de la d\u00e9livrance de ces grades.<\/li>\n<\/ul>\n<ul class=\"spip\">\n<li><strong>Les DAN<\/strong> (ceinture noire)&nbsp;: l\u2019examen est r\u00e9gional, voire national, et est reconnu par l\u2019Etat. Il faut au moins trois ans de pratique et \u00eatre \u00e2g\u00e9 de 16 ans minimum pour se pr\u00e9senter \u00e0 l\u2019examen de Ceinture Noire 1er Dan. Les grades DAN sont homologu\u00e9s par la CSDGE &#8211; <i>Commission Sp\u00e9cialis\u00e9e des DAN et Grades Equivalents<\/i><\/li>\n<li><strong>A lire<\/strong> : <a href=\"https:\/\/www.aikido-ffab-ra.org\/?cat=22\">FICHE 7 &#8211; Les passages de grades font peau neuve<\/a><\/li>\n<\/ul>\n<p><strong>Inscriptions Shodan Nidan 7 f\u00e9vrier 2026<\/strong> :<\/p>\n<ul>\n<li>\u00e0 CRAN GEVRIER Salle des Arts Martiaux du Vernay ANNECY (74960) Pour vous inscrire <span style=\"text-decoration: underline;\"><a href=\"https:\/\/www.gradesaikido.fr\/Examens%20Grades\"><strong>cliquez ICI<\/strong><\/a><\/span><\/li>\n<\/ul>\n<p><strong>Le Cilab vous accompagne financi\u00e8rement pour vos passages de grades DAN<\/strong> :<\/p>\n<ul>\n<li>Info Accompagnement grades&nbsp; -&gt;<a href=\"https:\/\/www.aikido-ffab-ra.org\/wp-content\/uploads\/Accompagnement-formation-DAN-1-fev.pdf\">&nbsp;cliquez ICI<\/a><\/li>\n<li>Formulaire de remboursement DAN-&gt; <a href=\"https:\/\/www.aikido-ffab-ra.org\/wp-content\/uploads\/NDF-CILAB-formation-grades-Dan-1-fev.xlsx\">cliquez ICI<\/a><\/li>\n<\/ul>\n<h2>GRADES \/ CSDGE et A\u00efkika\u00ef<\/h2>\n<p><strong>Grades CSDGE AIKIDO<\/strong><br class=\"autobr\"><i>Commission Sp\u00e9cialis\u00e9e des DAN et Grades Equivalents<\/i><\/p>\n<p>Les grades DAN sont les grades sup\u00e9rieurs aux grades KYU. Les niveaux pour les DAN vont par ordre croissant de ma\u00eetrise, en commen\u00e7ant par le 1er DAN.<\/p>\n<p>Du 1er au 4\u00e8me DAN, les grades sont obtenus sur pr\u00e9sentation \u00e0 des examens<\/p>\n<p>Les grades plus \u00e9lev\u00e9s qui requi\u00e8rent des ann\u00e9es d\u2019exp\u00e9rience et une contribution significative par l\u2019enseignement ou la recherche doivent \u00eatre propos\u00e9s par des instances d\u00e9termin\u00e9es relevant de la discipline.<\/p>\n<p>Seuls les grades DAN homologu\u00e9s par la Commission Sp\u00e9cialis\u00e9e des DAN et Grades Equivalents \u2013 AIKIDO sont reconnus par l\u2019\u00c9tat Fran\u00e7ais.<\/p>\n<p>Tous les candidats aux examens d\u2019enseignement (r\u00e9mun\u00e9r\u00e9 ou b\u00e9n\u00e9vole) doivent \u00eatre titulaires de grades DAN homologu\u00e9s.<\/p>\n<p><strong>Grades AIKIKAI<\/strong><\/p>\n<p>Passages de grades AIKIKAI<\/p>\n<p>Au travers des contacts men\u00e9s avec l\u2019AIKIKAI de Tokyo, la F.F.A.B. tient \u00e0 porter \u00e0 la connaissance des pratiquants que les \u00ab&nbsp;Grades AIKIKAI&nbsp;\u00bb peuvent \u00eatre pr\u00e9sent\u00e9s lors des examens qui ont lieu \u00e0 l\u2019issue des stages nationaux inscrits au calendrier f\u00e9d\u00e9ral, hormis les stages dirig\u00e9s par les Experts Japonais.<\/p>\n<p>Les r\u00e8gles pr\u00e9c\u00e9demment \u00e9tablies sont maintenues, \u00e0 savoir que <strong>le candidat \u00e0 un \u00ab&nbsp;Grade AIKIKAI&nbsp;\u00bb doit \u00eatre titulaire au moins du grade \u00e9quivalent d\u00e9livr\u00e9 par la CSDGE<\/strong>.<\/p>\n<\/div>\n<\/div>\n<\/div>\n<\/div>\t\t\t\t\t\t<\/div>\n\t\t\t\t<\/div>\n\t\t\t\t\t<\/div>\n\t\t<\/div>\n\t\t\t\t\t\t\t<\/div>\n\t\t<\/section>\n\t\t\t\t\t\t\t<\/div>\n\t\t","protected":false},"excerpt":{"rendered":"<p>LE GRADE marque un niveau de progression physique, th\u00e9orique, technique et \u00e9thique dans la tradition martiale. A ce titre, il peut \u00eatre source d\u2019efforts et d\u2019\u00e9mulation. Mais attention&nbsp;: la ceinture fait parfois r\u00eaver et tomber dans les entraves plus d\u2019un esprit qui se croyait fort, c\u2019est pourquoi elle reste blanche jusqu\u2019\u00e0 la noire. Le hakama [&hellip;]<\/p>\n","protected":false},"author":3,"featured_media":3684,"parent":11,"menu_order":7,"comment_status":"closed","ping_status":"closed","template":"","meta":{"footnotes":""},"class_list":["post-432","page","type-page","status-publish","has-post-thumbnail","hentry","entry","has-media"],"yoast_head":"<!-- This site is optimized with the Yoast SEO plugin v19.7.1 - https:\/\/yoast.com\/wordpress\/plugins\/seo\/ -->\n<title>Grades de l&#039;A\u00efkido - CILAB<\/title>\n<meta name=\"description\" content=\"LE GRADE marque un niveau de progression physique, th\u00e9orique, technique et \u00e9thique dans la tradition martiale. A ce titre, il peut \u00eatre source d\u2019efforts\" \/>\n<meta name=\"robots\" content=\"index, follow, max-snippet:-1, max-image-preview:large, max-video-preview:-1\" \/>\n<link rel=\"canonical\" href=\"https:\/\/www.aikido-ffab-ra.org\/?page_id=432\" \/>\n<meta property=\"og:locale\" content=\"fr_FR\" \/>\n<meta property=\"og:type\" content=\"article\" \/>\n<meta property=\"og:title\" content=\"Grades de l&#039;A\u00efkido - CILAB\" \/>\n<meta property=\"og:description\" content=\"LE GRADE marque un niveau de progression physique, th\u00e9orique, technique et \u00e9thique dans la tradition martiale. A ce titre, il peut \u00eatre source d\u2019efforts\" \/>\n<meta property=\"og:url\" content=\"https:\/\/www.aikido-ffab-ra.org\/?page_id=432\" \/>\n<meta property=\"og:site_name\" content=\"CILAB\" \/>\n<meta property=\"article:publisher\" content=\"https:\/\/www.facebook.com\/aikido.cilab.7\" \/>\n<meta property=\"article:modified_time\" content=\"2026-02-04T15:44:05+00:00\" \/>\n<meta property=\"og:image\" content=\"https:\/\/www.aikido-ffab-ra.org\/wp-content\/uploads\/grades-de-l-aikido\/Passage-de-grade.jpg\" \/>\n\t<meta property=\"og:image:width\" content=\"630\" \/>\n\t<meta property=\"og:image:height\" content=\"630\" \/>\n\t<meta property=\"og:image:type\" content=\"image\/jpeg\" \/>\n<meta name=\"twitter:card\" content=\"summary_large_image\" \/>\n<meta name=\"twitter:label1\" content=\"Dur\u00e9e de lecture estim\u00e9e\" \/>\n\t<meta name=\"twitter:data1\" content=\"3 minutes\" \/>\n<script type=\"application\/ld+json\" class=\"yoast-schema-graph\">{\"@context\":\"https:\/\/schema.org\",\"@graph\":[{\"@type\":\"WebPage\",\"@id\":\"https:\/\/www.aikido-ffab-ra.org\/?page_id=432\",\"url\":\"https:\/\/www.aikido-ffab-ra.org\/?page_id=432\",\"name\":\"Grades de l'A\u00efkido - CILAB\",\"isPartOf\":{\"@id\":\"https:\/\/www.aikido-ffab-ra.org\/#website\"},\"datePublished\":\"2021-03-23T18:04:17+00:00\",\"dateModified\":\"2026-02-04T15:44:05+00:00\",\"description\":\"LE GRADE marque un niveau de progression physique, th\u00e9orique, technique et \u00e9thique dans la tradition martiale. A ce titre, il peut \u00eatre source d\u2019efforts\",\"breadcrumb\":{\"@id\":\"https:\/\/www.aikido-ffab-ra.org\/?page_id=432#breadcrumb\"},\"inLanguage\":\"fr-FR\",\"potentialAction\":[{\"@type\":\"ReadAction\",\"target\":[\"https:\/\/www.aikido-ffab-ra.org\/?page_id=432\"]}]},{\"@type\":\"BreadcrumbList\",\"@id\":\"https:\/\/www.aikido-ffab-ra.org\/?page_id=432#breadcrumb\",\"itemListElement\":[{\"@type\":\"ListItem\",\"position\":1,\"name\":\"Accueil\",\"item\":\"https:\/\/www.aikido-ffab-ra.org\/\"},{\"@type\":\"ListItem\",\"position\":2,\"name\":\"L&rsquo;A\u00efkido\",\"item\":\"https:\/\/www.aikido-ffab-ra.org\/?page_id=11\"},{\"@type\":\"ListItem\",\"position\":3,\"name\":\"Grades de l&rsquo;A\u00efkido\"}]},{\"@type\":\"WebSite\",\"@id\":\"https:\/\/www.aikido-ffab-ra.org\/#website\",\"url\":\"https:\/\/www.aikido-ffab-ra.org\/\",\"name\":\"CILAB\",\"description\":\"\",\"publisher\":{\"@id\":\"https:\/\/www.aikido-ffab-ra.org\/#organization\"},\"potentialAction\":[{\"@type\":\"SearchAction\",\"target\":{\"@type\":\"EntryPoint\",\"urlTemplate\":\"https:\/\/www.aikido-ffab-ra.org\/?s={search_term_string}\"},\"query-input\":\"required name=search_term_string\"}],\"inLanguage\":\"fr-FR\"},{\"@type\":\"Organization\",\"@id\":\"https:\/\/www.aikido-ffab-ra.org\/#organization\",\"name\":\"CILAB\",\"url\":\"https:\/\/www.aikido-ffab-ra.org\/\",\"sameAs\":[\"https:\/\/www.instagram.com\/cilab.aikido\/\",\"https:\/\/www.youtube.com\/channel\/UCt35Eapug9SYepppTidRLbA?app=desktop\",\"https:\/\/www.facebook.com\/aikido.cilab.7\"],\"logo\":{\"@type\":\"ImageObject\",\"inLanguage\":\"fr-FR\",\"@id\":\"https:\/\/www.aikido-ffab-ra.org\/#\/schema\/logo\/image\/\",\"url\":\"https:\/\/www.aikido-ffab-ra.org\/wp-content\/uploads\/2021\/03\/Logo-cilab.png\",\"contentUrl\":\"https:\/\/www.aikido-ffab-ra.org\/wp-content\/uploads\/2021\/03\/Logo-cilab.png\",\"width\":99,\"height\":100,\"caption\":\"CILAB\"},\"image\":{\"@id\":\"https:\/\/www.aikido-ffab-ra.org\/#\/schema\/logo\/image\/\"}}]}<\/script>\n<!-- \/ Yoast SEO plugin. -->","yoast_head_json":{"title":"Grades de l'A\u00efkido - CILAB","description":"LE GRADE marque un niveau de progression physique, th\u00e9orique, technique et \u00e9thique dans la tradition martiale. A ce titre, il peut \u00eatre source d\u2019efforts","robots":{"index":"index","follow":"follow","max-snippet":"max-snippet:-1","max-image-preview":"max-image-preview:large","max-video-preview":"max-video-preview:-1"},"canonical":"https:\/\/www.aikido-ffab-ra.org\/?page_id=432","og_locale":"fr_FR","og_type":"article","og_title":"Grades de l'A\u00efkido - CILAB","og_description":"LE GRADE marque un niveau de progression physique, th\u00e9orique, technique et \u00e9thique dans la tradition martiale. A ce titre, il peut \u00eatre source d\u2019efforts","og_url":"https:\/\/www.aikido-ffab-ra.org\/?page_id=432","og_site_name":"CILAB","article_publisher":"https:\/\/www.facebook.com\/aikido.cilab.7","article_modified_time":"2026-02-04T15:44:05+00:00","og_image":[{"width":630,"height":630,"url":"https:\/\/www.aikido-ffab-ra.org\/wp-content\/uploads\/grades-de-l-aikido\/Passage-de-grade.jpg","type":"image\/jpeg"}],"twitter_card":"summary_large_image","twitter_misc":{"Dur\u00e9e de lecture estim\u00e9e":"3 minutes"},"schema":{"@context":"https:\/\/schema.org","@graph":[{"@type":"WebPage","@id":"https:\/\/www.aikido-ffab-ra.org\/?page_id=432","url":"https:\/\/www.aikido-ffab-ra.org\/?page_id=432","name":"Grades de l'A\u00efkido - CILAB","isPartOf":{"@id":"https:\/\/www.aikido-ffab-ra.org\/#website"},"datePublished":"2021-03-23T18:04:17+00:00","dateModified":"2026-02-04T15:44:05+00:00","description":"LE GRADE marque un niveau de progression physique, th\u00e9orique, technique et \u00e9thique dans la tradition martiale. A ce titre, il peut \u00eatre source d\u2019efforts","breadcrumb":{"@id":"https:\/\/www.aikido-ffab-ra.org\/?page_id=432#breadcrumb"},"inLanguage":"fr-FR","potentialAction":[{"@type":"ReadAction","target":["https:\/\/www.aikido-ffab-ra.org\/?page_id=432"]}]},{"@type":"BreadcrumbList","@id":"https:\/\/www.aikido-ffab-ra.org\/?page_id=432#breadcrumb","itemListElement":[{"@type":"ListItem","position":1,"name":"Accueil","item":"https:\/\/www.aikido-ffab-ra.org\/"},{"@type":"ListItem","position":2,"name":"L&rsquo;A\u00efkido","item":"https:\/\/www.aikido-ffab-ra.org\/?page_id=11"},{"@type":"ListItem","position":3,"name":"Grades de l&rsquo;A\u00efkido"}]},{"@type":"WebSite","@id":"https:\/\/www.aikido-ffab-ra.org\/#website","url":"https:\/\/www.aikido-ffab-ra.org\/","name":"CILAB","description":"","publisher":{"@id":"https:\/\/www.aikido-ffab-ra.org\/#organization"},"potentialAction":[{"@type":"SearchAction","target":{"@type":"EntryPoint","urlTemplate":"https:\/\/www.aikido-ffab-ra.org\/?s={search_term_string}"},"query-input":"required name=search_term_string"}],"inLanguage":"fr-FR"},{"@type":"Organization","@id":"https:\/\/www.aikido-ffab-ra.org\/#organization","name":"CILAB","url":"https:\/\/www.aikido-ffab-ra.org\/","sameAs":["https:\/\/www.instagram.com\/cilab.aikido\/","https:\/\/www.youtube.com\/channel\/UCt35Eapug9SYepppTidRLbA?app=desktop","https:\/\/www.facebook.com\/aikido.cilab.7"],"logo":{"@type":"ImageObject","inLanguage":"fr-FR","@id":"https:\/\/www.aikido-ffab-ra.org\/#\/schema\/logo\/image\/","url":"https:\/\/www.aikido-ffab-ra.org\/wp-content\/uploads\/2021\/03\/Logo-cilab.png","contentUrl":"https:\/\/www.aikido-ffab-ra.org\/wp-content\/uploads\/2021\/03\/Logo-cilab.png","width":99,"height":100,"caption":"CILAB"},"image":{"@id":"https:\/\/www.aikido-ffab-ra.org\/#\/schema\/logo\/image\/"}}]}},"_links":{"self":[{"href":"https:\/\/www.aikido-ffab-ra.org\/index.php?rest_route=\/wp\/v2\/pages\/432","targetHints":{"allow":["GET"]}}],"collection":[{"href":"https:\/\/www.aikido-ffab-ra.org\/index.php?rest_route=\/wp\/v2\/pages"}],"about":[{"href":"https:\/\/www.aikido-ffab-ra.org\/index.php?rest_route=\/wp\/v2\/types\/page"}],"author":[{"embeddable":true,"href":"https:\/\/www.aikido-ffab-ra.org\/index.php?rest_route=\/wp\/v2\/users\/3"}],"replies":[{"embeddable":true,"href":"https:\/\/www.aikido-ffab-ra.org\/index.php?rest_route=%2Fwp%2Fv2%2Fcomments&post=432"}],"version-history":[{"count":36,"href":"https:\/\/www.aikido-ffab-ra.org\/index.php?rest_route=\/wp\/v2\/pages\/432\/revisions"}],"predecessor-version":[{"id":5767,"href":"https:\/\/www.aikido-ffab-ra.org\/index.php?rest_route=\/wp\/v2\/pages\/432\/revisions\/5767"}],"up":[{"embeddable":true,"href":"https:\/\/www.aikido-ffab-ra.org\/index.php?rest_route=\/wp\/v2\/pages\/11"}],"wp:featuredmedia":[{"embeddable":true,"href":"https:\/\/www.aikido-ffab-ra.org\/index.php?rest_route=\/wp\/v2\/media\/3684"}],"wp:attachment":[{"href":"https:\/\/www.aikido-ffab-ra.org\/index.php?rest_route=%2Fwp%2Fv2%2Fmedia&parent=432"}],"curies":[{"name":"wp","href":"https:\/\/api.w.org\/{rel}","templated":true}]}}